{"id":1561,"date":"2023-09-19T18:06:34","date_gmt":"2023-09-19T16:06:34","guid":{"rendered":"https:\/\/www.terre-cyme.ch\/?page_id=1561"},"modified":"2026-04-11T11:28:11","modified_gmt":"2026-04-11T09:28:11","slug":"front","status":"publish","type":"page","link":"https:\/\/www.terre-cyme.ch\/","title":{"rendered":"Acceuil"},"content":{"rendered":"<p>[et_pb_section fb_built=\u00a0\u00bb1&Prime; fullwidth=\u00a0\u00bbon\u00a0\u00bb admin_label=\u00a0\u00bbSection\u00a0\u00bb _builder_version=\u00a0\u00bb4.20.4&Prime; _module_preset=\u00a0\u00bbdefault\u00a0\u00bb background_color=\u00a0\u00bbRGBA(255,255,255,0)\u00a0\u00bb background_enable_image=\u00a0\u00bboff\u00a0\u00bb z_index=\u00a0\u00bb-53&Prime; sticky_position=\u00a0\u00bbtop\u00a0\u00bb sticky_offset_surrounding=\u00a0\u00bboff\u00a0\u00bb global_colors_info=\u00a0\u00bb{}\u00a0\u00bb][et_pb_fullwidth_image src=\u00a0\u00bbhttps:\/\/www.terre-cyme.ch\/wp-content\/uploads\/2017\/03\/terrecyme_une.jpg\u00a0\u00bb title_text=\u00a0\u00bbterrecyme_une\u00a0\u00bb _builder_version=\u00a0\u00bb4.20.4&Prime; _module_preset=\u00a0\u00bbdefault\u00a0\u00bb z_index=\u00a0\u00bb-1&Prime; scroll_fade_enable=\u00a0\u00bbon\u00a0\u00bb scroll_fade=\u00a0\u00bb0|50|50|100|100%|100|10%\u00a0\u00bb motion_trigger_start=\u00a0\u00bbbottom\u00a0\u00bb global_colors_info=\u00a0\u00bb{}\u00a0\u00bb][\/et_pb_fullwidth_image][\/et_pb_section][et_pb_section fb_built=\u00a0\u00bb1&Prime; _builder_version=\u00a0\u00bb4.20.4&Prime; _module_preset=\u00a0\u00bbdefault\u00a0\u00bb height=\u00a0\u00bb100px\u00a0\u00bb max_height=\u00a0\u00bb1000px\u00a0\u00bb custom_margin=\u00a0\u00bb0px||0px||false|false\u00a0\u00bb custom_padding=\u00a0\u00bb0px||0px||false|false\u00a0\u00bb global_colors_info=\u00a0\u00bb{}\u00a0\u00bb][et_pb_row _builder_version=\u00a0\u00bb4.24.0&Prime; _module_preset=\u00a0\u00bbdefault\u00a0\u00bb background_enable_color=\u00a0\u00bboff\u00a0\u00bb width=\u00a0\u00bb100%\u00a0\u00bb max_width=\u00a0\u00bb2560px\u00a0\u00bb module_alignment=\u00a0\u00bbcenter\u00a0\u00bb height=\u00a0\u00bb100px\u00a0\u00bb max_height=\u00a0\u00bb1000px\u00a0\u00bb custom_margin=\u00a0\u00bb0px||0px||false|false\u00a0\u00bb custom_padding=\u00a0\u00bb0px||0px||false|false\u00a0\u00bb global_colors_info=\u00a0\u00bb{}\u00a0\u00bb][et_pb_column type=\u00a0\u00bb4_4&Prime; _builder_version=\u00a0\u00bb4.20.4&Prime; _module_preset=\u00a0\u00bbdefault\u00a0\u00bb global_colors_info=\u00a0\u00bb{}\u00a0\u00bb][et_pb_slider show_pagination=\u00a0\u00bboff\u00a0\u00bb _builder_version=\u00a0\u00bb4.27.5&Prime; _module_preset=\u00a0\u00bbdefault\u00a0\u00bb header_font_size=\u00a0\u00bb23px\u00a0\u00bb background_color=\u00a0\u00bb#8300E9&Prime; height=\u00a0\u00bb100px\u00a0\u00bb overflow-x=\u00a0\u00bbvisible\u00a0\u00bb overflow-y=\u00a0\u00bbvisible\u00a0\u00bb display_conditions=\u00a0\u00bbW10=\u00a0\u00bb custom_margin=\u00a0\u00bb0px|0px|0px|0px|false|false\u00a0\u00bb custom_padding=\u00a0\u00bb0px|0px|0px|0px|false|false\u00a0\u00bb animation_style=\u00a0\u00bbfade\u00a0\u00bb animation_duration=\u00a0\u00bb550ms\u00a0\u00bb animation_starting_opacity=\u00a0\u00bb100%\u00a0\u00bb animation_speed_curve=\u00a0\u00bblinear\u00a0\u00bb auto=\u00a0\u00bbon\u00a0\u00bb auto_speed=\u00a0\u00bb4000&Prime; auto_ignore_hover=\u00a0\u00bbon\u00a0\u00bb hover_enabled=\u00a0\u00bb0&Prime; global_colors_info=\u00a0\u00bb{}\u00a0\u00bb sticky_enabled=\u00a0\u00bb0&Prime;][et_pb_slide heading=\u00a0\u00bbConstellations Familiales le 14 juin 2026 \u00e0 Bulle\u00a0\u00bb button_text=\u00a0\u00bbJe m&rsquo;inscris!\u00a0\u00bb button_link=\u00a0\u00bbhttps:\/\/www.terre-cyme.ch\/?page_id=1678&Prime; arrows_custom_color=\u00a0\u00bb#FFFFFF\u00a0\u00bb dot_nav_custom_color=\u00a0\u00bb#FFFFFF\u00a0\u00bb _builder_version=\u00a0\u00bb4.27.5&Prime; _module_preset=\u00a0\u00bbdefault\u00a0\u00bb custom_button=\u00a0\u00bbon\u00a0\u00bb button_border_width=\u00a0\u00bb2px\u00a0\u00bb button_border_radius=\u00a0\u00bb10px\u00a0\u00bb button_use_icon=\u00a0\u00bbon\u00a0\u00bb button_icon=\u00a0\u00bb&#xf058;||fa||900&Prime; button_icon_color=\u00a0\u00bb#FFFFFF\u00a0\u00bb button_on_hover=\u00a0\u00bbon\u00a0\u00bb button_alignment=\u00a0\u00bbcenter\u00a0\u00bb button_custom_margin=\u00a0\u00bb0px|0px|0px|0px|false|false\u00a0\u00bb button_custom_padding=\u00a0\u00bb3px|3px|3px|3px|false|false\u00a0\u00bb display_conditions=\u00a0\u00bbW3siaWQiOiJjZDU4MTQ4Ny0yZmIyLTQ4YjgtYTA5YS1kN2FjZjlhOGY3ZTIiLCJjb25kaXRpb24iOiJkYXRlVGltZSIsImNvbmRpdGlvblNldHRpbmdzIjp7ImRpc3BsYXlSdWxlIjoiaXNCZWZvcmUiLCJkYXRlIjoiMjAyNi0wNi0xNCIsInRpbWUiOiIxMjowMCIsIndlZWtkYXlzIjoifCIsImFsbERheSI6Im9uIiwiZnJvbVRpbWUiOiIwMDowMCIsInVudGlsVGltZSI6IjAwOjAwIiwicmVwZWF0Ijoib2ZmIiwicmVwZWF0RnJlcXVlbmN5IjoibW9udGhseSIsInJlcGVhdEZyZXF1ZW5jeVNwZWNpZmljRGF5cyI6IndlZWtseSIsInJlcGVhdEVuZCI6Im5ldmVyIiwicmVwZWF0VW50aWxEYXRlIjoiMjAyNC0yLTkiLCJyZXBlYXRUaW1lcyI6IjMiLCJhZG1pbkxhYmVsIjoiRGF0ZSBldCBoZXVyZSIsImVuYWJsZUNvbmRpdGlvbiI6Im9uIn0sIm9wZXJhdG9yIjoiT1IifV0=\u00a0\u00bb link_option_url=\u00a0\u00bbhttps:\/\/www.terre-cyme.ch\/?page_id=1712&Prime; hover_enabled=\u00a0\u00bb0&Prime; header_text_shadow_style=\u00a0\u00bbpreset1&Prime; box_shadow_style_button=\u00a0\u00bbpreset3&Prime; global_colors_info=\u00a0\u00bb{}\u00a0\u00bb sticky_transition=\u00a0\u00bbon\u00a0\u00bb sticky_enabled=\u00a0\u00bb0&Prime;][\/et_pb_slide][et_pb_slide heading=\u00a0\u00bbConstellations Familiales le 16 Ao\u00fbt  \u00e0 Bulle \u00a0\u00bb button_text=\u00a0\u00bbJe m&rsquo;inscris!\u00a0\u00bb button_link=\u00a0\u00bbhttps:\/\/www.terre-cyme.ch\/?page_id=1678&Prime; arrows_custom_color=\u00a0\u00bb#FFFFFF\u00a0\u00bb dot_nav_custom_color=\u00a0\u00bb#FFFFFF\u00a0\u00bb _builder_version=\u00a0\u00bb4.27.5&Prime; _module_preset=\u00a0\u00bbdefault\u00a0\u00bb custom_button=\u00a0\u00bbon\u00a0\u00bb button_border_width=\u00a0\u00bb2px\u00a0\u00bb button_border_radius=\u00a0\u00bb10px\u00a0\u00bb button_use_icon=\u00a0\u00bbon\u00a0\u00bb button_icon=\u00a0\u00bb&#xf058;||fa||900&Prime; button_icon_color=\u00a0\u00bb#FFFFFF\u00a0\u00bb button_on_hover=\u00a0\u00bbon\u00a0\u00bb button_alignment=\u00a0\u00bbcenter\u00a0\u00bb button_custom_margin=\u00a0\u00bb0px|0px|0px|0px|false|false\u00a0\u00bb button_custom_padding=\u00a0\u00bb3px|3px|3px|3px|false|false\u00a0\u00bb display_conditions=\u00a0\u00bbW3siaWQiOiJjZDU4MTQ4Ny0yZmIyLTQ4YjgtYTA5YS1kN2FjZjlhOGY3ZTIiLCJjb25kaXRpb24iOiJkYXRlVGltZSIsImNvbmRpdGlvblNldHRpbmdzIjp7ImRpc3BsYXlSdWxlIjoiaXNCZWZvcmUiLCJkYXRlIjoiMjAyNi0wOC0xNiIsInRpbWUiOiIxMjowMCIsIndlZWtkYXlzIjoifCIsImFsbERheSI6Im9uIiwiZnJvbVRpbWUiOiIwMDowMCIsInVudGlsVGltZSI6IjAwOjAwIiwicmVwZWF0Ijoib2ZmIiwicmVwZWF0RnJlcXVlbmN5IjoibW9udGhseSIsInJlcGVhdEZyZXF1ZW5jeVNwZWNpZmljRGF5cyI6IndlZWtseSIsInJlcGVhdEVuZCI6Im5ldmVyIiwicmVwZWF0VW50aWxEYXRlIjoiMjAyNC0yLTkiLCJyZXBlYXRUaW1lcyI6IjMiLCJhZG1pbkxhYmVsIjoiRGF0ZSBldCBoZXVyZSIsImVuYWJsZUNvbmRpdGlvbiI6Im9uIn0sIm9wZXJhdG9yIjoiT1IifV0=\u00a0\u00bb link_option_url=\u00a0\u00bbhttps:\/\/www.terre-cyme.ch\/?page_id=1712&Prime; hover_enabled=\u00a0\u00bb0&Prime; header_text_shadow_style=\u00a0\u00bbpreset1&Prime; box_shadow_style_button=\u00a0\u00bbpreset3&Prime; global_colors_info=\u00a0\u00bb{}\u00a0\u00bb sticky_transition=\u00a0\u00bbon\u00a0\u00bb sticky_enabled=\u00a0\u00bb0&Prime;][\/et_pb_slide][\/et_pb_slider][\/et_pb_column][\/et_pb_row][\/et_pb_section][et_pb_section fb_built=\u00a0\u00bb1&Prime; _builder_version=\u00a0\u00bb4.21.0&Prime; _module_preset=\u00a0\u00bbdefault\u00a0\u00bb background_color=\u00a0\u00bbRGBA(255,255,255,0)\u00a0\u00bb global_colors_info=\u00a0\u00bb{}\u00a0\u00bb][et_pb_row column_structure=\u00a0\u00bb1_3,1_3,1_3&Prime; _builder_version=\u00a0\u00bb4.20.4&Prime; _module_preset=\u00a0\u00bbdefault\u00a0\u00bb background_color=\u00a0\u00bbRGBA(255,255,255,0)\u00a0\u00bb global_colors_info=\u00a0\u00bb{}\u00a0\u00bb][et_pb_column type=\u00a0\u00bb1_3&Prime; _builder_version=\u00a0\u00bb4.20.4&Prime; _module_preset=\u00a0\u00bbdefault\u00a0\u00bb global_colors_info=\u00a0\u00bb{}\u00a0\u00bb][et_pb_blurb title=\u00a0\u00bbConstellation familiale\u00a0\u00bb url=\u00a0\u00bbhttps:\/\/www.terre-cyme.ch\/?page_id=1712&Prime; image=\u00a0\u00bbhttps:\/\/www.terre-cyme.ch\/wp-content\/uploads\/2022\/02\/constellation&#8211;scaled.jpeg\u00a0\u00bb _builder_version=\u00a0\u00bb4.20.4&Prime; _module_preset=\u00a0\u00bbdefault\u00a0\u00bb custom_margin=\u00a0\u00bb||-1px||false|false\u00a0\u00bb custom_padding=\u00a0\u00bb||||false|false\u00a0\u00bb animation_style=\u00a0\u00bbslide\u00a0\u00bb link_option_url=\u00a0\u00bbhttps:\/\/www.terre-cyme.ch\/?page_id=1712&Prime; border_radii_image=\u00a0\u00bboff|100px||100px|\u00a0\u00bb border_width_all_image=\u00a0\u00bb3px\u00a0\u00bb border_color_all_image=\u00a0\u00bb#8300E9&Prime; box_shadow_style_image=\u00a0\u00bbpreset4&Prime; global_colors_info=\u00a0\u00bb{}\u00a0\u00bb]<\/p>\n<div class=\"entry-content\">\n<ul>\n<li>Pour <strong>r\u00e9soudre<\/strong> les tensions avec votre famille<\/li>\n<li>Pour <strong>trouver<\/strong>, ou retrouver, votre place \u2013 votre juste place<\/li>\n<li>Pour se <strong>r\u00e9concilier<\/strong> avec vous-m\u00eame et avec les autres<\/li>\n<li>Pour <strong>mettre des mots<\/strong> sur vos \u00e9motions inconscientes<\/li>\n<\/ul>\n<\/div>\n<p>[\/et_pb_blurb][et_pb_button button_url=\u00a0\u00bbhttps:\/\/www.terre-cyme.ch\/?page_id=1712&Prime; button_text=\u00a0\u00bbPlus d&rsquo;informations\u00a0\u00bb button_alignment=\u00a0\u00bbcenter\u00a0\u00bb _builder_version=\u00a0\u00bb4.20.4&Prime; _module_preset=\u00a0\u00bbdefault\u00a0\u00bb custom_button=\u00a0\u00bbon\u00a0\u00bb button_text_size=\u00a0\u00bb18px\u00a0\u00bb button_bg_color=\u00a0\u00bb#8300E9&Prime; button_border_color=\u00a0\u00bb#8300E9&Prime; button_border_radius=\u00a0\u00bb30px\u00a0\u00bb button_icon=\u00a0\u00bb&#x54;||divi||400&Prime; button_icon_color=\u00a0\u00bb#FFFFFF\u00a0\u00bb button_on_hover=\u00a0\u00bboff\u00a0\u00bb background_layout=\u00a0\u00bbdark\u00a0\u00bb custom_margin=\u00a0\u00bb0px||0px||false|false\u00a0\u00bb custom_padding=\u00a0\u00bb0px||0px||false|false\u00a0\u00bb box_shadow_style=\u00a0\u00bbpreset1&Prime; global_colors_info=\u00a0\u00bb{}\u00a0\u00bb][\/et_pb_button][et_pb_countdown_timer title=\u00a0\u00bbProchaine constellation\u00a0\u00bb date_time=\u00a0\u00bb2024-11-02 09:00&Prime; _builder_version=\u00a0\u00bb4.27.2&Prime; _module_preset=\u00a0\u00bbdefault\u00a0\u00bb header_level=\u00a0\u00bbh1&Prime; header_font=\u00a0\u00bb||||||||\u00a0\u00bb header_font_size=\u00a0\u00bb22px\u00a0\u00bb numbers_font=\u00a0\u00bb||on||||||\u00a0\u00bb numbers_font_size=\u00a0\u00bb22px\u00a0\u00bb numbers_line_height=\u00a0\u00bb1px\u00a0\u00bb separator_font_size=\u00a0\u00bb22px\u00a0\u00bb label_font_size=\u00a0\u00bb15px\u00a0\u00bb background_color=\u00a0\u00bbRGBA(255,255,255,0)\u00a0\u00bb background_layout=\u00a0\u00bblight\u00a0\u00bb display_conditions=\u00a0\u00bbW3siaWQiOiI1NDg2MzRjZC0yZDBhLTRlNWEtYTk3ZS1lNTRjNTlmYTEzNDIiLCJjb25kaXRpb24iOiJkYXRlVGltZSIsImNvbmRpdGlvblNldHRpbmdzIjp7ImRpc3BsYXlSdWxlIjoiaXNCZWZvcmUiLCJkYXRlIjoiMjAyNC0xMS0wMiIsInRpbWUiOiIwOTowMCIsIndlZWtkYXlzIjoifCIsImFsbERheSI6Im9uIiwiZnJvbVRpbWUiOiIwMDowMCIsInVudGlsVGltZSI6IjAwOjAwIiwicmVwZWF0Ijoib2ZmIiwicmVwZWF0RnJlcXVlbmN5IjoibW9udGhseSIsInJlcGVhdEZyZXF1ZW5jeVNwZWNpZmljRGF5cyI6IndlZWtseSIsInJlcGVhdEVuZCI6Im5ldmVyIiwicmVwZWF0VW50aWxEYXRlIjoiMjAyMy00LTE4IiwicmVwZWF0VGltZXMiOiIzIiwiYWRtaW5MYWJlbCI6IkRhdGUgZXQgaGV1cmUiLCJlbmFibGVDb25kaXRpb24iOiJvbiJ9LCJvcGVyYXRvciI6Ik9SIn1d\u00a0\u00bb custom_margin=\u00a0\u00bb19px|||||\u00a0\u00bb link_option_url=\u00a0\u00bbhttps:\/\/www.terre-cyme.ch\/?page_id=15&Prime; text_shadow_style=\u00a0\u00bbpreset2&Prime; global_colors_info=\u00a0\u00bb{}\u00a0\u00bb][\/et_pb_countdown_timer][\/et_pb_column][et_pb_column type=\u00a0\u00bb1_3&Prime; _builder_version=\u00a0\u00bb4.20.4&Prime; _module_preset=\u00a0\u00bbdefault\u00a0\u00bb global_colors_info=\u00a0\u00bb{}\u00a0\u00bb][et_pb_blurb title=\u00a0\u00bbMassages\u00a0\u00bb image=\u00a0\u00bbhttps:\/\/www.terre-cyme.ch\/wp-content\/uploads\/2023\/04\/massage2.jpg\u00a0\u00bb image_icon_width=\u00a0\u00bb66%\u00a0\u00bb _builder_version=\u00a0\u00bb4.20.4&Prime; _module_preset=\u00a0\u00bbdefault\u00a0\u00bb custom_margin=\u00a0\u00bb||||false|false\u00a0\u00bb custom_padding=\u00a0\u00bb||||false|false\u00a0\u00bb animation_style=\u00a0\u00bbslide\u00a0\u00bb link_option_url=\u00a0\u00bbhttps:\/\/www.terre-cyme.ch\/?page_id=1678&Prime; border_radii_image=\u00a0\u00bbon|50px|50px|50px|50px\u00a0\u00bb border_width_all_image=\u00a0\u00bb3px\u00a0\u00bb border_color_all_image=\u00a0\u00bb#8300E9&Prime; box_shadow_style_image=\u00a0\u00bbpreset5&Prime; global_colors_info=\u00a0\u00bb{}\u00a0\u00bb]<\/p>\n<p>Je pratique diff\u00e9rents types de massage car <strong>chacun son besoin<\/strong>! Voici mes propositions:<\/p>\n<ul>\n<li>Classique<\/li>\n<li>Relaxant aux huiles essentielles<\/li>\n<li>Reboutologie<\/li>\n<li>De Breuss<\/li>\n<\/ul>\n<p>[\/et_pb_blurb][et_pb_button button_url=\u00a0\u00bbhttps:\/\/www.terre-cyme.ch\/?page_id=1678&Prime; button_text=\u00a0\u00bbPrendre rendez-vous\u00a0\u00bb button_alignment=\u00a0\u00bbcenter\u00a0\u00bb _builder_version=\u00a0\u00bb4.20.4&Prime; _module_preset=\u00a0\u00bbdefault\u00a0\u00bb custom_button=\u00a0\u00bbon\u00a0\u00bb button_text_size=\u00a0\u00bb18px\u00a0\u00bb button_bg_color=\u00a0\u00bb#8300E9&Prime; button_border_color=\u00a0\u00bb#8300E9&Prime; button_border_radius=\u00a0\u00bb30px\u00a0\u00bb button_icon=\u00a0\u00bb&#xe03c;||divi||400&Prime; button_icon_color=\u00a0\u00bb#FFFFFF\u00a0\u00bb button_on_hover=\u00a0\u00bboff\u00a0\u00bb background_layout=\u00a0\u00bbdark\u00a0\u00bb custom_margin=\u00a0\u00bb33px||0px||false|false\u00a0\u00bb custom_padding=\u00a0\u00bb0px||0px||false|false\u00a0\u00bb box_shadow_style=\u00a0\u00bbpreset1&Prime; global_colors_info=\u00a0\u00bb{}\u00a0\u00bb][\/et_pb_button][\/et_pb_column][et_pb_column type=\u00a0\u00bb1_3&Prime; _builder_version=\u00a0\u00bb4.20.4&Prime; _module_preset=\u00a0\u00bbdefault\u00a0\u00bb global_colors_info=\u00a0\u00bb{}\u00a0\u00bb][et_pb_blurb title=\u00a0\u00bbPleine conscience intuitive\u00a0\u00bb image=\u00a0\u00bbhttps:\/\/www.terre-cyme.ch\/wp-content\/uploads\/2023\/04\/massage11-2-1.png\u00a0\u00bb image_icon_width=\u00a0\u00bb91%\u00a0\u00bb _builder_version=\u00a0\u00bb4.20.4&Prime; _module_preset=\u00a0\u00bbdefault\u00a0\u00bb background_color=\u00a0\u00bbRGBA(255,255,255,0)\u00a0\u00bb animation_style=\u00a0\u00bbslide\u00a0\u00bb link_option_url=\u00a0\u00bbhttps:\/\/www.terre-cyme.ch\/?page_id=1678&Prime; border_radii_image=\u00a0\u00bboff||100px||100px\u00a0\u00bb border_width_all_image=\u00a0\u00bb3px\u00a0\u00bb border_color_all_image=\u00a0\u00bb#8300E9&Prime; box_shadow_style_image=\u00a0\u00bbpreset4&Prime; box_shadow_horizontal_image=\u00a0\u00bb-10px\u00a0\u00bb global_colors_info=\u00a0\u00bb{}\u00a0\u00bb]<\/p>\n<p>En me connectant \u00e0 votre aura,\u00a0 je vois, j\u2019entends, je ressens les m\u00e9moires bless\u00e9es. Gr\u00e2ce \u00e0 la pleine conscience intuitive, j\u2019apporte le r\u00e9confort n\u00e9cessaire \u00e0 ces perceptions, ce qui am\u00e8nera un r\u00e9\u00e9quilibrage dans votre champ \u00e9nerg\u00e9tique au niveau inconscient.<\/p>\n<p>[\/et_pb_blurb][et_pb_button button_url=\u00a0\u00bbhttps:\/\/www.terre-cyme.ch\/?page_id=1678&Prime; button_text=\u00a0\u00bbPrendre rendez-vous\u00a0\u00bb button_alignment=\u00a0\u00bbcenter\u00a0\u00bb _builder_version=\u00a0\u00bb4.20.4&Prime; _module_preset=\u00a0\u00bbdefault\u00a0\u00bb custom_button=\u00a0\u00bbon\u00a0\u00bb button_text_size=\u00a0\u00bb18px\u00a0\u00bb button_bg_color=\u00a0\u00bb#8300E9&Prime; button_border_color=\u00a0\u00bb#8300E9&Prime; button_border_radius=\u00a0\u00bb30px\u00a0\u00bb button_icon=\u00a0\u00bb&#xe03c;||divi||400&Prime; button_icon_color=\u00a0\u00bb#FFFFFF\u00a0\u00bb button_on_hover=\u00a0\u00bboff\u00a0\u00bb background_layout=\u00a0\u00bbdark\u00a0\u00bb custom_margin=\u00a0\u00bb67px||0px||false|false\u00a0\u00bb custom_padding=\u00a0\u00bb0px||0px||false|false\u00a0\u00bb box_shadow_style=\u00a0\u00bbpreset1&Prime; global_colors_info=\u00a0\u00bb{}\u00a0\u00bb][\/et_pb_button][\/et_pb_column][\/et_pb_row][\/et_pb_section][et_pb_section fb_built=\u00a0\u00bb1&Prime; _builder_version=\u00a0\u00bb4.20.4&Prime; _module_preset=\u00a0\u00bbdefault\u00a0\u00bb global_colors_info=\u00a0\u00bb{}\u00a0\u00bb][et_pb_row _builder_version=\u00a0\u00bb4.20.4&Prime; _module_preset=\u00a0\u00bbdefault\u00a0\u00bb global_colors_info=\u00a0\u00bb{}\u00a0\u00bb][et_pb_column type=\u00a0\u00bb4_4&Prime; _builder_version=\u00a0\u00bb4.20.4&Prime; _module_preset=\u00a0\u00bbdefault\u00a0\u00bb global_colors_info=\u00a0\u00bb{}\u00a0\u00bb][et_pb_blurb url=\u00a0\u00bb#return-to-top\u00a0\u00bb use_icon=\u00a0\u00bbon\u00a0\u00bb font_icon=\u00a0\u00bb&#x3e;||divi||400&Prime; image_icon_width=\u00a0\u00bb55px\u00a0\u00bb icon_alignment=\u00a0\u00bbright\u00a0\u00bb _builder_version=\u00a0\u00bb4.20.4&Prime; _module_preset=\u00a0\u00bbdefault\u00a0\u00bb positioning=\u00a0\u00bbfixed\u00a0\u00bb position_origin_f=\u00a0\u00bbbottom_right\u00a0\u00bb vertical_offset=\u00a0\u00bb20px\u00a0\u00bb horizontal_offset=\u00a0\u00bb20px\u00a0\u00bb z_index=\u00a0\u00bb500&Prime; link_option_url=\u00a0\u00bb#return-to-top\u00a0\u00bb global_colors_info=\u00a0\u00bb{}\u00a0\u00bb][\/et_pb_blurb][\/et_pb_column][\/et_pb_row][\/et_pb_section]<\/p>\n","protected":false},"excerpt":{"rendered":"<p>Pour r\u00e9soudre les tensions avec votre famille Pour trouver, ou retrouver, votre place \u2013 votre juste place Pour se r\u00e9concilier avec vous-m\u00eame et avec les autres Pour mettre des mots sur vos \u00e9motions inconscientes Je pratique diff\u00e9rents types de massage car chacun son besoin! Voici mes propositions: Classique Relaxant aux huiles essentielles Reboutologie De Breuss [&hellip;]<\/p>\n","protected":false},"author":1,"featured_media":0,"parent":0,"menu_order":0,"comment_status":"closed","ping_status":"closed","template":"","meta":{"_et_pb_use_builder":"on","_et_pb_old_content":"<!-- wp:image {\"align\":\"full\",\"id\":234,\"sizeSlug\":\"large\",\"linkDestination\":\"none\",\"className\":\"is-style-default\"} -->\n<figure class=\"wp-block-image alignfull size-large is-style-default\"><img src=\"https:\/\/www.terre-cyme.ch\/wp-content\/uploads\/2017\/03\/terrecyme_une-1024x282.jpg\" alt=\"\" class=\"wp-image-234\"\/><\/figure>\n<!-- \/wp:image -->\n\n<!-- wp:columns {\"align\":\"full\"} -->\n<div class=\"wp-block-columns alignfull\"><!-- wp:column -->\n<div class=\"wp-block-column\"><!-- wp:cover {\"url\":\"https:\/\/www.terre-cyme.ch\/wp-content\/uploads\/2022\/02\/constellation\\u002d\\u002d1024x683.jpeg\",\"id\":1431,\"dimRatio\":50,\"focalPoint\":{\"x\":0.5,\"y\":0.5},\"contentPosition\":\"center center\",\"isDark\":false,\"fontSize\":\"large\"} -->\n<div class=\"wp-block-cover is-light has-large-font-size\"><span aria-hidden=\"true\" class=\"wp-block-cover__background has-background-dim\"><\/span><img class=\"wp-block-cover__image-background wp-image-1431\" alt=\"Pourquoi une journ\u00e9e de constellation familiale ?\n\nPour r\u00e9soudre les tensions avec votre famille\nPour trouver, ou retrouver, votre place \u2013 votre juste place\nPour se r\u00e9concilier avec vous-m\u00eame et avec les autres\nPour mettre des mots sur vos \u00e9motions inconscientes \" src=\"https:\/\/www.terre-cyme.ch\/wp-content\/uploads\/2022\/02\/constellation--1024x683.jpeg\" style=\"object-position:50% 50%\" data-object-fit=\"cover\" data-object-position=\"50% 50%\"\/><div class=\"wp-block-cover__inner-container\"><!-- wp:paragraph {\"align\":\"center\",\"fontSize\":\"large\"} -->\n<p class=\"has-text-align-center has-large-font-size\"><mark style=\"background-color:rgba(0, 0, 0, 0)\" class=\"has-inline-color has-secondary-color\"><strong><a href=\"https:\/\/www.terre-cyme.ch\/accueil\/\">Constellation familliale<\/a><\/strong><\/mark><\/p>\n<!-- \/wp:paragraph --><\/div><\/div>\n<!-- \/wp:cover --><\/div>\n<!-- \/wp:column -->\n\n<!-- wp:column -->\n<div class=\"wp-block-column\"><!-- wp:cover {\"url\":\"https:\/\/www.terre-cyme.ch\/wp-content\/uploads\/2017\/03\/local4-1024x768.jpg\",\"id\":272,\"dimRatio\":50,\"isDark\":false,\"style\":{\"color\":{}}} -->\n<div class=\"wp-block-cover is-light\"><span aria-hidden=\"true\" class=\"wp-block-cover__background has-background-dim\"><\/span><img class=\"wp-block-cover__image-background wp-image-272\" alt=\"\" src=\"https:\/\/www.terre-cyme.ch\/wp-content\/uploads\/2017\/03\/local4-1024x768.jpg\" data-object-fit=\"cover\"\/><div class=\"wp-block-cover__inner-container\"><!-- wp:paragraph {\"align\":\"center\",\"fontSize\":\"large\"} -->\n<p class=\"has-text-align-center has-large-font-size\"><strong><mark style=\"background-color:rgba(0, 0, 0, 0)\" class=\"has-inline-color has-secondary-color\"><a href=\"https:\/\/www.terre-cyme.ch\/les-massages-2\/\">Massage<\/a><\/mark><\/strong><\/p>\n<!-- \/wp:paragraph --><\/div><\/div>\n<!-- \/wp:cover --><\/div>\n<!-- \/wp:column -->\n\n<!-- wp:column -->\n<div class=\"wp-block-column\"><!-- wp:cover {\"url\":\"https:\/\/www.terre-cyme.ch\/wp-content\/uploads\/2017\/03\/massage11.jpg\",\"id\":269,\"dimRatio\":50,\"isDark\":false,\"style\":{\"color\":{}}} -->\n<div class=\"wp-block-cover is-light\"><span aria-hidden=\"true\" class=\"wp-block-cover__background has-background-dim\"><\/span><img class=\"wp-block-cover__image-background wp-image-269\" alt=\"\" src=\"https:\/\/www.terre-cyme.ch\/wp-content\/uploads\/2017\/03\/massage11.jpg\" data-object-fit=\"cover\"\/><div class=\"wp-block-cover__inner-container\"><!-- wp:paragraph {\"align\":\"center\",\"fontSize\":\"large\"} -->\n<p class=\"has-text-align-center has-large-font-size\"><strong><mark style=\"background-color:rgba(0, 0, 0, 0)\" class=\"has-inline-color has-secondary-color\"><a href=\"https:\/\/www.terre-cyme.ch\/ecoute-imaginaire\/\">Pleine conscience intuitive<\/a><mark style=\"background-color:rgba(0, 0, 0, 0)\" class=\"has-inline-color has-secondary-color\"><\/mark><\/mark><\/strong><\/p>\n<!-- \/wp:paragraph --><\/div><\/div>\n<!-- \/wp:cover --><\/div>\n<!-- \/wp:column --><\/div>\n<!-- \/wp:columns -->","_et_gb_content_width":"","footnotes":""},"class_list":["post-1561","page","type-page","status-publish","hentry"],"_links":{"self":[{"href":"https:\/\/www.terre-cyme.ch\/index.php?rest_route=\/wp\/v2\/pages\/1561","targetHints":{"allow":["GET"]}}],"collection":[{"href":"https:\/\/www.terre-cyme.ch\/index.php?rest_route=\/wp\/v2\/pages"}],"about":[{"href":"https:\/\/www.terre-cyme.ch\/index.php?rest_route=\/wp\/v2\/types\/page"}],"author":[{"embeddable":true,"href":"https:\/\/www.terre-cyme.ch\/index.php?rest_route=\/wp\/v2\/users\/1"}],"replies":[{"embeddable":true,"href":"https:\/\/www.terre-cyme.ch\/index.php?rest_route=%2Fwp%2Fv2%2Fcomments&post=1561"}],"version-history":[{"count":179,"href":"https:\/\/www.terre-cyme.ch\/index.php?rest_route=\/wp\/v2\/pages\/1561\/revisions"}],"predecessor-version":[{"id":2402,"href":"https:\/\/www.terre-cyme.ch\/index.php?rest_route=\/wp\/v2\/pages\/1561\/revisions\/2402"}],"wp:attachment":[{"href":"https:\/\/www.terre-cyme.ch\/index.php?rest_route=%2Fwp%2Fv2%2Fmedia&parent=1561"}],"curies":[{"name":"wp","href":"https:\/\/api.w.org\/{rel}","templated":true}]}}