{"id":1832,"date":"2023-04-12T14:42:30","date_gmt":"2023-04-12T12:42:30","guid":{"rendered":"https:\/\/www.terre-cyme.ch\/?page_id=1832"},"modified":"2025-11-24T08:50:22","modified_gmt":"2025-11-24T07:50:22","slug":"1832-2","status":"publish","type":"page","link":"https:\/\/www.terre-cyme.ch\/?page_id=1832","title":{"rendered":"Agenda"},"content":{"rendered":"<p>[et_pb_section fb_built=\u00a0\u00bb1&Prime; _builder_version=\u00a0\u00bb4.20.4&Prime; _module_preset=\u00a0\u00bbdefault\u00a0\u00bb custom_padding=\u00a0\u00bb||5px|||\u00a0\u00bb top_divider_style=\u00a0\u00bbarrow3&Prime; top_divider_color=\u00a0\u00bb#8300E9&Prime; global_colors_info=\u00a0\u00bb{}\u00a0\u00bb][et_pb_row _builder_version=\u00a0\u00bb4.20.4&Prime; _module_preset=\u00a0\u00bbdefault\u00a0\u00bb global_colors_info=\u00a0\u00bb{}\u00a0\u00bb][et_pb_column type=\u00a0\u00bb4_4&Prime; _builder_version=\u00a0\u00bb4.20.4&Prime; _module_preset=\u00a0\u00bbdefault\u00a0\u00bb global_colors_info=\u00a0\u00bb{}\u00a0\u00bb][et_pb_text _builder_version=\u00a0\u00bb4.20.4&Prime; _module_preset=\u00a0\u00bbdefault\u00a0\u00bb text_font=\u00a0\u00bbComic Neue|700|||||||\u00a0\u00bb text_text_color=\u00a0\u00bb#8300E9&Prime; text_font_size=\u00a0\u00bb55px\u00a0\u00bb text_orientation=\u00a0\u00bbcenter\u00a0\u00bb text_text_shadow_style=\u00a0\u00bbpreset1&Prime; global_colors_info=\u00a0\u00bb{}\u00a0\u00bb]<\/p>\n<p><strong>Agenda<\/strong><\/p>\n<p>[\/et_pb_text][\/et_pb_column][\/et_pb_row][\/et_pb_section][et_pb_section fb_built=\u00a0\u00bb1&Prime; _builder_version=\u00a0\u00bb4.20.4&Prime; _module_preset=\u00a0\u00bbdefault\u00a0\u00bb custom_padding=\u00a0\u00bb6px||4px|||\u00a0\u00bb global_colors_info=\u00a0\u00bb{}\u00a0\u00bb][et_pb_row column_structure=\u00a0\u00bb1_2,1_2&Prime; _builder_version=\u00a0\u00bb4.27.4&Prime; _module_preset=\u00a0\u00bbdefault\u00a0\u00bb custom_padding=\u00a0\u00bb||6px|||\u00a0\u00bb hover_enabled=\u00a0\u00bb0&Prime; global_colors_info=\u00a0\u00bb{}\u00a0\u00bb sticky_enabled=\u00a0\u00bb0&Prime;][et_pb_column type=\u00a0\u00bb1_2&Prime; _builder_version=\u00a0\u00bb4.20.4&Prime; _module_preset=\u00a0\u00bbdefault\u00a0\u00bb global_colors_info=\u00a0\u00bb{}\u00a0\u00bb][et_pb_slider _builder_version=\u00a0\u00bb4.27.4&Prime; _module_preset=\u00a0\u00bbdefault\u00a0\u00bb custom_button=\u00a0\u00bbon\u00a0\u00bb button_text_color=\u00a0\u00bb#FFFFFF\u00a0\u00bb button_bg_color=\u00a0\u00bb#8300E9&Prime; button_border_color=\u00a0\u00bb#8300E9&Prime; button_border_radius=\u00a0\u00bb73px\u00a0\u00bb button_font=\u00a0\u00bbComic Neue||||||||\u00a0\u00bb button_icon=\u00a0\u00bb&#xe04a;||divi||400&Prime; button_icon_color=\u00a0\u00bb#FFFFFF\u00a0\u00bb button_on_hover=\u00a0\u00bboff\u00a0\u00bb custom_margin=\u00a0\u00bb|0px||0px|false|false\u00a0\u00bb custom_padding=\u00a0\u00bb20px|0px|28px|0px|false|false\u00a0\u00bb hover_enabled=\u00a0\u00bb0&Prime; border_radii=\u00a0\u00bbon|40px|40px|40px|40px\u00a0\u00bb border_width_all=\u00a0\u00bb2px\u00a0\u00bb border_color_all=\u00a0\u00bb#8300E9&Prime; border_style_all=\u00a0\u00bbdashed\u00a0\u00bb box_shadow_style_button=\u00a0\u00bbpreset2&Prime; global_colors_info=\u00a0\u00bb{}\u00a0\u00bb sticky_enabled=\u00a0\u00bb0&Prime;][et_pb_slide heading=\u00a0\u00bbDates des constellations familiales\u00a0\u00bb button_text=\u00a0\u00bbJe viens\u00a0\u00bb button_link=\u00a0\u00bbhttps:\/\/www.terre-cyme.ch\/?page_id=1678&Prime; _builder_version=\u00a0\u00bb4.20.4&Prime; _module_preset=\u00a0\u00bbdefault\u00a0\u00bb header_font=\u00a0\u00bbComic Neue|700|||||||\u00a0\u00bb header_text_color=\u00a0\u00bb#8300E9&Prime; background_color=\u00a0\u00bbRGBA(255,255,255,0)\u00a0\u00bb background_enable_color=\u00a0\u00bbon\u00a0\u00bb background_layout=\u00a0\u00bblight\u00a0\u00bb link_option_url=\u00a0\u00bbhttps:\/\/www.terre-cyme.ch\/?page_id=1712&Prime; global_colors_info=\u00a0\u00bb{}\u00a0\u00bb sticky_transition=\u00a0\u00bbon\u00a0\u00bb]<\/p>\n<p style=\"text-align: left;\">\n<ul>\n<li style=\"text-align: left;\">le dimanche 18 janvier2026 \u00e0 Bulle<\/li>\n<li style=\"text-align: left;\">le dimanche 8 f\u00e9vrier 2026 \u00e0 Bulle<\/li>\n<li style=\"text-align: left;\">le dimanche 22 mars 2026 \u00e0 Yverdon\u00a0<\/li>\n<li style=\"text-align: left;\">le dimanche 12 avril 2026 \u00e0 Bulle<\/li>\n<li style=\"text-align: left;\">le dimanche 20 mai 2026 \u00e0 Bulle<\/li>\n<li style=\"text-align: left;\">le dimanche 14 juin 2026 \u00e0 Yverdon<\/li>\n<li style=\"text-align: left;\">le dimanche 16 ao\u00fbt 2026 \u00e0 Bulle<\/li>\n<\/ul>\n<p>[\/et_pb_slide][\/et_pb_slider][et_pb_slider _builder_version=\u00a0\u00bb4.20.4&Prime; _module_preset=\u00a0\u00bbdefault\u00a0\u00bb custom_button=\u00a0\u00bbon\u00a0\u00bb button_text_color=\u00a0\u00bb#FFFFFF\u00a0\u00bb button_bg_color=\u00a0\u00bb#8300E9&Prime; button_border_color=\u00a0\u00bb#8300E9&Prime; button_border_radius=\u00a0\u00bb73px\u00a0\u00bb button_font=\u00a0\u00bbComic Neue||||||||\u00a0\u00bb button_icon=\u00a0\u00bb&#xe04a;||divi||400&Prime; button_icon_color=\u00a0\u00bb#FFFFFF\u00a0\u00bb button_on_hover=\u00a0\u00bboff\u00a0\u00bb custom_margin=\u00a0\u00bb|0px||0px|false|false\u00a0\u00bb custom_padding=\u00a0\u00bb20px|0px|28px|0px|false|false\u00a0\u00bb border_radii=\u00a0\u00bbon|40px|40px|40px|40px\u00a0\u00bb border_width_all=\u00a0\u00bb2px\u00a0\u00bb border_color_all=\u00a0\u00bb#8300E9&Prime; border_style_all=\u00a0\u00bbdashed\u00a0\u00bb box_shadow_style_button=\u00a0\u00bbpreset2&Prime; global_colors_info=\u00a0\u00bb{}\u00a0\u00bb][et_pb_slide heading=\u00a0\u00bbMassage et soin \u00e9nerg\u00e9tique \u00e0 Bulle\u00a0\u00bb button_text=\u00a0\u00bbDemandez\u00a0\u00bb button_link=\u00a0\u00bbhttps:\/\/www.terre-cyme.ch\/?page_id=1678&Prime; _builder_version=\u00a0\u00bb4.20.4&Prime; _module_preset=\u00a0\u00bbdefault\u00a0\u00bb header_font=\u00a0\u00bbComic Neue|700|||||||\u00a0\u00bb header_text_color=\u00a0\u00bb#8300E9&Prime; background_color=\u00a0\u00bbRGBA(255,255,255,0)\u00a0\u00bb background_enable_color=\u00a0\u00bbon\u00a0\u00bb background_layout=\u00a0\u00bblight\u00a0\u00bb global_colors_info=\u00a0\u00bb{}\u00a0\u00bb sticky_transition=\u00a0\u00bbon\u00a0\u00bb]<\/p>\n<ul>\n<li style=\"text-align: left;\">Sur demande toute la semaine<\/li>\n<\/ul>\n<p>[\/et_pb_slide][\/et_pb_slider][\/et_pb_column][et_pb_column type=\u00a0\u00bb1_2&Prime; _builder_version=\u00a0\u00bb4.20.4&Prime; _module_preset=\u00a0\u00bbdefault\u00a0\u00bb global_colors_info=\u00a0\u00bb{}\u00a0\u00bb][et_pb_slider _builder_version=\u00a0\u00bb4.20.4&Prime; _module_preset=\u00a0\u00bbdefault\u00a0\u00bb custom_button=\u00a0\u00bbon\u00a0\u00bb button_text_color=\u00a0\u00bb#FFFFFF\u00a0\u00bb button_bg_color=\u00a0\u00bb#8300E9&Prime; button_border_color=\u00a0\u00bb#8300E9&Prime; button_border_radius=\u00a0\u00bb73px\u00a0\u00bb button_font=\u00a0\u00bbComic Neue||||||||\u00a0\u00bb button_icon=\u00a0\u00bb&#xe04a;||divi||400&Prime; button_icon_color=\u00a0\u00bb#FFFFFF\u00a0\u00bb button_on_hover=\u00a0\u00bboff\u00a0\u00bb custom_margin=\u00a0\u00bb|0px||0px|false|false\u00a0\u00bb custom_padding=\u00a0\u00bb20px|0px|28px|0px|false|false\u00a0\u00bb border_radii=\u00a0\u00bbon|40px|40px|40px|40px\u00a0\u00bb border_width_all=\u00a0\u00bb2px\u00a0\u00bb border_color_all=\u00a0\u00bb#8300E9&Prime; border_style_all=\u00a0\u00bbdashed\u00a0\u00bb box_shadow_style_button=\u00a0\u00bbpreset2&Prime; global_colors_info=\u00a0\u00bb{}\u00a0\u00bb][et_pb_slide heading=\u00a0\u00bbMassage et soin \u00e9nerg\u00e9tique \u00e0 Pomy\u00a0\u00bb button_text=\u00a0\u00bbDemandez\u00a0\u00bb button_link=\u00a0\u00bbhttps:\/\/www.terre-cyme.ch\/?page_id=1678&Prime; _builder_version=\u00a0\u00bb4.20.4&Prime; _module_preset=\u00a0\u00bbdefault\u00a0\u00bb header_font=\u00a0\u00bbComic Neue|700|||||||\u00a0\u00bb header_text_color=\u00a0\u00bb#8300E9&Prime; background_color=\u00a0\u00bbRGBA(255,255,255,0)\u00a0\u00bb background_enable_color=\u00a0\u00bbon\u00a0\u00bb background_layout=\u00a0\u00bblight\u00a0\u00bb global_colors_info=\u00a0\u00bb{}\u00a0\u00bb sticky_transition=\u00a0\u00bbon\u00a0\u00bb]<\/p>\n<ul>\n<li style=\"text-align: left;\">Sur demande<\/li>\n<\/ul>\n<p>[\/et_pb_slide][\/et_pb_slider][et_pb_slider _builder_version=\u00a0\u00bb4.20.4&Prime; _module_preset=\u00a0\u00bbdefault\u00a0\u00bb custom_button=\u00a0\u00bbon\u00a0\u00bb button_text_color=\u00a0\u00bb#FFFFFF\u00a0\u00bb button_bg_color=\u00a0\u00bb#8300E9&Prime; button_border_color=\u00a0\u00bb#8300E9&Prime; button_border_radius=\u00a0\u00bb73px\u00a0\u00bb button_font=\u00a0\u00bbComic Neue||||||||\u00a0\u00bb button_icon=\u00a0\u00bb&#xe04a;||divi||400&Prime; button_icon_color=\u00a0\u00bb#FFFFFF\u00a0\u00bb button_on_hover=\u00a0\u00bboff\u00a0\u00bb custom_margin=\u00a0\u00bb|0px||0px|false|false\u00a0\u00bb custom_padding=\u00a0\u00bb20px|0px|28px|0px|false|false\u00a0\u00bb link_option_url=\u00a0\u00bbhttps:\/\/www.terre-cyme.ch\/?page_id=1678&Prime; border_radii=\u00a0\u00bbon|40px|40px|40px|40px\u00a0\u00bb border_width_all=\u00a0\u00bb2px\u00a0\u00bb border_color_all=\u00a0\u00bb#8300E9&Prime; border_style_all=\u00a0\u00bbdashed\u00a0\u00bb box_shadow_style_button=\u00a0\u00bbpreset2&Prime; global_colors_info=\u00a0\u00bb{}\u00a0\u00bb][et_pb_slide heading=\u00a0\u00bbCours de peinture inspir\u00e9e\u00a0\u00bb button_text=\u00a0\u00bbDemandez\u00a0\u00bb button_link=\u00a0\u00bbhttps:\/\/www.terre-cyme.ch\/?page_id=1678&Prime; _builder_version=\u00a0\u00bb4.20.4&Prime; _module_preset=\u00a0\u00bbdefault\u00a0\u00bb header_font=\u00a0\u00bbComic Neue|700|||||||\u00a0\u00bb header_text_color=\u00a0\u00bb#8300E9&Prime; background_color=\u00a0\u00bbRGBA(255,255,255,0)\u00a0\u00bb background_enable_color=\u00a0\u00bbon\u00a0\u00bb background_layout=\u00a0\u00bblight\u00a0\u00bb global_colors_info=\u00a0\u00bb{}\u00a0\u00bb sticky_transition=\u00a0\u00bbon\u00a0\u00bb]<\/p>\n<ul>\n<li style=\"text-align: left;\">Sur demande<br \/>D\u00e8s 2 personnes, il est possible de fixer une date. Pour cela, prenez contact avec Florence.\n<p>Lieu : Cabinet Terre-Cyme, Route de Cronay 6, 1405 Pomy<\/p>\n<\/li>\n<\/ul>\n<p>[\/et_pb_slide][\/et_pb_slider][\/et_pb_column][\/et_pb_row][\/et_pb_section]<\/p>\n","protected":false},"excerpt":{"rendered":"<p>Agenda le dimanche 18 janvier2026 \u00e0 Bulle le dimanche 8 f\u00e9vrier 2026 \u00e0 Bulle le dimanche 22 mars 2026 \u00e0 Yverdon\u00a0 le dimanche 12 avril 2026 \u00e0 Bulle le dimanche 20 mai 2026 \u00e0 Bulle le dimanche 14 juin 2026 \u00e0 Yverdon le dimanche 16 ao\u00fbt 2026 \u00e0 Bulle Sur demande toute la semaine Sur [&hellip;]<\/p>\n","protected":false},"author":1,"featured_media":0,"parent":0,"menu_order":0,"comment_status":"closed","ping_status":"closed","template":"","meta":{"_et_pb_use_builder":"on","_et_pb_old_content":"","_et_gb_content_width":"","footnotes":""},"class_list":["post-1832","page","type-page","status-publish","hentry"],"_links":{"self":[{"href":"https:\/\/www.terre-cyme.ch\/index.php?rest_route=\/wp\/v2\/pages\/1832","targetHints":{"allow":["GET"]}}],"collection":[{"href":"https:\/\/www.terre-cyme.ch\/index.php?rest_route=\/wp\/v2\/pages"}],"about":[{"href":"https:\/\/www.terre-cyme.ch\/index.php?rest_route=\/wp\/v2\/types\/page"}],"author":[{"embeddable":true,"href":"https:\/\/www.terre-cyme.ch\/index.php?rest_route=\/wp\/v2\/users\/1"}],"replies":[{"embeddable":true,"href":"https:\/\/www.terre-cyme.ch\/index.php?rest_route=%2Fwp%2Fv2%2Fcomments&post=1832"}],"version-history":[{"count":18,"href":"https:\/\/www.terre-cyme.ch\/index.php?rest_route=\/wp\/v2\/pages\/1832\/revisions"}],"predecessor-version":[{"id":2370,"href":"https:\/\/www.terre-cyme.ch\/index.php?rest_route=\/wp\/v2\/pages\/1832\/revisions\/2370"}],"wp:attachment":[{"href":"https:\/\/www.terre-cyme.ch\/index.php?rest_route=%2Fwp%2Fv2%2Fmedia&parent=1832"}],"curies":[{"name":"wp","href":"https:\/\/api.w.org\/{rel}","templated":true}]}}