{"id":2248,"date":"2024-11-18T18:05:24","date_gmt":"2024-11-18T17:05:24","guid":{"rendered":"https:\/\/www.terre-cyme.ch\/?page_id=2248"},"modified":"2025-06-29T09:40:14","modified_gmt":"2025-06-29T07:40:14","slug":"sylvain-belanger-2","status":"publish","type":"page","link":"https:\/\/www.terre-cyme.ch\/?page_id=2248","title":{"rendered":"Sylvain B\u00e9langer 2025"},"content":{"rendered":"<p>[et_pb_section fb_built=\u00a0\u00bb1&Prime; _builder_version=\u00a0\u00bb4.20.4&Prime; _module_preset=\u00a0\u00bbdefault\u00a0\u00bb custom_padding=\u00a0\u00bb35px|||||\u00a0\u00bb top_divider_style=\u00a0\u00bbwaves2&Prime; top_divider_color=\u00a0\u00bb#8300E9&Prime; top_divider_height=\u00a0\u00bb180px\u00a0\u00bb locked=\u00a0\u00bboff\u00a0\u00bb global_colors_info=\u00a0\u00bb{}\u00a0\u00bb][et_pb_row _builder_version=\u00a0\u00bb4.20.4&Prime; _module_preset=\u00a0\u00bbdefault\u00a0\u00bb custom_padding=\u00a0\u00bb9px|||||\u00a0\u00bb global_colors_info=\u00a0\u00bb{}\u00a0\u00bb][et_pb_column type=\u00a0\u00bb4_4&Prime; _builder_version=\u00a0\u00bb4.20.4&Prime; _module_preset=\u00a0\u00bbdefault\u00a0\u00bb global_colors_info=\u00a0\u00bb{}\u00a0\u00bb][et_pb_text _builder_version=\u00a0\u00bb4.20.4&Prime; _module_preset=\u00a0\u00bbdefault\u00a0\u00bb text_font=\u00a0\u00bbComic Neue||||||||\u00a0\u00bb text_text_color=\u00a0\u00bb#FFFFFF\u00a0\u00bb text_font_size=\u00a0\u00bb49px\u00a0\u00bb custom_margin=\u00a0\u00bb|||20px|false|false\u00a0\u00bb text_text_shadow_style=\u00a0\u00bbpreset3&Prime; text_text_shadow_color=\u00a0\u00bb#FFFFFF\u00a0\u00bb global_colors_info=\u00a0\u00bb{}\u00a0\u00bb]<\/p>\n<p><strong>Sylvain B\u00e9langer<\/strong><\/p>\n<p>[\/et_pb_text][\/et_pb_column][\/et_pb_row][\/et_pb_section][et_pb_section fb_built=\u00a0\u00bb1&Prime; _builder_version=\u00a0\u00bb4.20.4&Prime; _module_preset=\u00a0\u00bbdefault\u00a0\u00bb custom_padding=\u00a0\u00bb4px||7px|||\u00a0\u00bb global_colors_info=\u00a0\u00bb{}\u00a0\u00bb][et_pb_row column_structure=\u00a0\u00bb2_5,3_5&Prime; _builder_version=\u00a0\u00bb4.20.4&Prime; _module_preset=\u00a0\u00bbdefault\u00a0\u00bb global_colors_info=\u00a0\u00bb{}\u00a0\u00bb][et_pb_column type=\u00a0\u00bb2_5&Prime; _builder_version=\u00a0\u00bb4.20.4&Prime; _module_preset=\u00a0\u00bbdefault\u00a0\u00bb global_colors_info=\u00a0\u00bb{}\u00a0\u00bb][et_pb_blurb image=\u00a0\u00bbhttps:\/\/www.terre-cyme.ch\/wp-content\/uploads\/2023\/04\/sylvain-belanger-carre.png\u00a0\u00bb image_icon_width=\u00a0\u00bb90%\u00a0\u00bb _builder_version=\u00a0\u00bb4.20.4&Prime; _module_preset=\u00a0\u00bbdefault\u00a0\u00bb body_font=\u00a0\u00bbComic Neue||||||||\u00a0\u00bb border_radii_image=\u00a0\u00bbon|240px|240px|240px|240px\u00a0\u00bb border_width_all_image=\u00a0\u00bb7px\u00a0\u00bb border_color_all_image=\u00a0\u00bb#8300E9&Prime; border_style_all_image=\u00a0\u00bbdouble\u00a0\u00bb box_shadow_style_image=\u00a0\u00bbpreset2&Prime; box_shadow_blur_image=\u00a0\u00bb27px\u00a0\u00bb box_shadow_color_image=\u00a0\u00bb#8300E9&Prime; global_colors_info=\u00a0\u00bb{}\u00a0\u00bb]<\/p>\n<p>Sylvain B\u00e9langer est un ma\u00eetre de l\u2019intuition car il peut \u00e9valuer la sant\u00e9 \u00e9nerg\u00e9tique, int\u00e9rieure et transpersonnelle d\u2019un individu en observant son champ \u00e9nerg\u00e9tique ou son aura. Sa ma\u00eetrise de l\u2019intuition lui a permis d\u2019acqu\u00e9rir une compr\u00e9hension profonde des processus de gu\u00e9rison. C\u2019est ainsi qu\u2019il a d\u00e9velopp\u00e9 une s\u00e9rie de techniques de soin afin d\u2019<strong>\u00e9quilibrer l\u2019\u00e9nergie vitale<\/strong> et la dimension int\u00e9rieure d\u2019un individu. Tout cela fait de lui un guide de vie hors de l\u2019ordinaire.<\/p>\n<p>Sylvain B\u00e9langer a suivi plusieurs formations traditionnelles aupr\u00e8s de chamans et gu\u00e9risseurs en Europe et en Am\u00e9rique. Th\u00e9rapeute depuis plus de 25 ans, il accompagne avec succ\u00e8s des personnes malades, en combinant la <strong>Pleine Conscience Intuitive<\/strong> aux techniques \u00e9nerg\u00e9tiques et la d\u00e9programmation de la m\u00e9moire cellulaire.<\/p>\n<p>[\/et_pb_blurb][\/et_pb_column][et_pb_column type=\u00a0\u00bb3_5&Prime; _builder_version=\u00a0\u00bb4.20.4&Prime; _module_preset=\u00a0\u00bbdefault\u00a0\u00bb global_colors_info=\u00a0\u00bb{}\u00a0\u00bb][et_pb_text _builder_version=\u00a0\u00bb4.20.4&Prime; _module_preset=\u00a0\u00bbdefault\u00a0\u00bb text_font=\u00a0\u00bbComic Neue||||||||\u00a0\u00bb text_text_color=\u00a0\u00bb#8300E9&Prime; text_font_size=\u00a0\u00bb32px\u00a0\u00bb quote_font=\u00a0\u00bbComic Neue||||||||\u00a0\u00bb text_orientation=\u00a0\u00bbcenter\u00a0\u00bb global_colors_info=\u00a0\u00bb{}\u00a0\u00bb]<\/p>\n<p><strong>Soins avec Sylvain \u00e0 Bulle<\/strong><strong><\/strong><strong><\/strong><\/p>\n<p>[\/et_pb_text][et_pb_text _builder_version=\u00a0\u00bb4.27.4&Prime; _module_preset=\u00a0\u00bbdefault\u00a0\u00bb text_font=\u00a0\u00bbComic Neue||||||||\u00a0\u00bb text_orientation=\u00a0\u00bbcenter\u00a0\u00bb global_colors_info=\u00a0\u00bb{}\u00a0\u00bb]<\/p>\n<p>Nous avons la joie de vous informer de la venue de notre canadien pr\u00e9f\u00e9r\u00e9 dans notre cabinet Terre-Cyme <strong>du 1 septembre au 12 septembre 2025.<\/strong><\/p>\n<p><strong>Consultations en pr\u00e9sentiel avec Sylvain <\/strong><span>\u00e0 Bulle.<strong> \u00c9valuation et soins<\/strong>\u00a0:\u00a0 Potentiel sant\u00e9, m\u00e9moires personnelles, m\u00e9moires familiales, m\u00e9moires d\u2019autres vies, personnes d\u00e9c\u00e9d\u00e9es, guides, \u00e2me.<\/span><\/p>\n<p><strong>Consultations en ligne\u00a0<span>: <\/span><\/strong><span>en tout temps<\/span><\/p>\n<p>La consultation dure une heure environ et se d\u00e9roule comme suit: vous \u00eates confortablement couch\u00e9(e), habill\u00e9(e), sur la table de massage. Sylvain d\u00e9marre le <strong>processus de d\u00e9codage, d\u00e9programmation<\/strong>, en partant des pieds et remontant jusqu&rsquo;\u00e0 la t\u00eate. Durant ce processus <strong>il vous dit<\/strong> \u00e0 chaque instant ce qu&rsquo;il ressent, ce qu&rsquo;il traite. Cela peut \u00eatre enregistr\u00e9 et r\u00e9\u00e9cout\u00e9 par la suite pour continuer l&rsquo;int\u00e9gration.<\/p>\n<p>La <strong>Pleine Conscience Intuitive<\/strong> est une technique tr\u00e8s douce. Ainsi vous vous laissez porter par le soin et restez dans l&rsquo;acceuil de ce qui se pr\u00e9sente.<\/p>\n<p>[\/et_pb_text][et_pb_pricing_tables featured_table_bullet_color=\u00a0\u00bbRGBA(255,255,255,0)\u00a0\u00bb bullet_color=\u00a0\u00bbRGBA(255,255,255,0)\u00a0\u00bb _builder_version=\u00a0\u00bb4.27.4&Prime; _module_preset=\u00a0\u00bbdefault\u00a0\u00bb body_text_align=\u00a0\u00bbcenter\u00a0\u00bb price_font=\u00a0\u00bbComic Neue||||||||\u00a0\u00bb price_font_size=\u00a0\u00bb60px\u00a0\u00bb custom_button=\u00a0\u00bbon\u00a0\u00bb button_bg_color=\u00a0\u00bb#8300E9&Prime; button_border_radius=\u00a0\u00bb21px\u00a0\u00bb width=\u00a0\u00bb76%\u00a0\u00bb module_alignment=\u00a0\u00bbcenter\u00a0\u00bb animation_style=\u00a0\u00bbfold\u00a0\u00bb animation_duration=\u00a0\u00bb3000ms\u00a0\u00bb animation_speed_curve=\u00a0\u00bblinear\u00a0\u00bb box_shadow_style=\u00a0\u00bbpreset1&Prime; global_colors_info=\u00a0\u00bb{}\u00a0\u00bb][et_pb_pricing_table featured=\u00a0\u00bbon\u00a0\u00bb title=\u00a0\u00bbSoin avec Sylvain B\u00e9langer\u00a0\u00bb subtitle=\u00a0\u00bbPleine Conscience Intuitive\u00a0\u00bb currency=\u00a0\u00bbCHF\u00a0\u00bb per=\u00a0\u00bbs\u00e9ance 1h\u00a0\u00bb sum=\u00a0\u00bb100&Prime; button_url=\u00a0\u00bbhttps:\/\/www.terre-cyme.ch\/?page_id=1678&Prime; button_text=\u00a0\u00bbPrendre rendez-vous\u00a0\u00bb _builder_version=\u00a0\u00bb4.20.4&Prime; _module_preset=\u00a0\u00bbdefault\u00a0\u00bb header_font=\u00a0\u00bbComic Neue||||||||\u00a0\u00bb body_font=\u00a0\u00bbComic Neue||||||||\u00a0\u00bb subheader_font=\u00a0\u00bbComic Neue||||||||\u00a0\u00bb price_font=\u00a0\u00bbComic Neue||||||||\u00a0\u00bb custom_button=\u00a0\u00bbon\u00a0\u00bb button_text_color=\u00a0\u00bb#FFFFFF\u00a0\u00bb button_border_radius=\u00a0\u00bb28px\u00a0\u00bb button_font=\u00a0\u00bbComic Neue||||||||\u00a0\u00bb button_use_icon=\u00a0\u00bbon\u00a0\u00bb button_icon=\u00a0\u00bb&#xe04a;||divi||400&Prime; button_icon_color=\u00a0\u00bb#FFFFFF\u00a0\u00bb button_alignment=\u00a0\u00bbcenter\u00a0\u00bb button_text_shadow_style=\u00a0\u00bbpreset3&Prime; button_text_shadow_color=\u00a0\u00bb#FFFFFF\u00a0\u00bb global_colors_info=\u00a0\u00bb{}\u00a0\u00bb sticky_transition=\u00a0\u00bbon\u00a0\u00bb]<\/p>\n<p><strong>Choisissez votre date <\/strong><strong>du 1 septembre au 12 septembre 2025!<\/strong><br \/>La coordination est faite par Pascale Savary 079 718 4929. Adresse du cabinet: Rue Victor Tissot 30A; 1630 Bulle<\/p>\n<p>[\/et_pb_pricing_table][\/et_pb_pricing_tables][\/et_pb_column][\/et_pb_row][\/et_pb_section][et_pb_section fb_built=\u00a0\u00bb1&Prime; next_background_color=\u00a0\u00bb#8300E9&Prime; _builder_version=\u00a0\u00bb4.27.3&Prime; _module_preset=\u00a0\u00bbdefault\u00a0\u00bb background_image=\u00a0\u00bbhttps:\/\/www.terre-cyme.ch\/wp-content\/uploads\/2024\/11\/balade-dromadaire-desert-maroc.jpg\u00a0\u00bb custom_padding=\u00a0\u00bb184px|||||\u00a0\u00bb top_divider_style=\u00a0\u00bbwave2&Prime; top_divider_color=\u00a0\u00bb#E09900&Prime; top_divider_height=\u00a0\u00bb153px\u00a0\u00bb top_divider_flip=\u00a0\u00bbvertical\u00a0\u00bb bottom_divider_style=\u00a0\u00bbcurve2&Prime; bottom_divider_flip=\u00a0\u00bbvertical\u00a0\u00bb global_colors_info=\u00a0\u00bb{}\u00a0\u00bb][et_pb_row column_structure=\u00a0\u00bb3_5,2_5&Prime; _builder_version=\u00a0\u00bb4.27.3&Prime; _module_preset=\u00a0\u00bbdefault\u00a0\u00bb global_colors_info=\u00a0\u00bb{}\u00a0\u00bb][et_pb_column type=\u00a0\u00bb3_5&Prime; _builder_version=\u00a0\u00bb4.27.3&Prime; _module_preset=\u00a0\u00bbdefault\u00a0\u00bb global_colors_info=\u00a0\u00bb{}\u00a0\u00bb][et_pb_text _builder_version=\u00a0\u00bb4.27.3&Prime; _module_preset=\u00a0\u00bbdefault\u00a0\u00bb text_font=\u00a0\u00bb|800|||||||\u00a0\u00bb text_text_color=\u00a0\u00bb#E09900&Prime; header_font=\u00a0\u00bb|800|||||||\u00a0\u00bb header_text_color=\u00a0\u00bb#E09900&Prime; custom_margin=\u00a0\u00bb150px||||false|false\u00a0\u00bb link_option_url=\u00a0\u00bbhttps:\/\/www.aoravoyages.com\/tour\/developpez-votre-intuition-dans-le-desert\/\u00a0\u00bb text_text_shadow_style=\u00a0\u00bbpreset1&Prime; global_colors_info=\u00a0\u00bb{}\u00a0\u00bb]<\/p>\n<h1 style=\"text-align: center;\">Voyage initiatique dans le d\u00e9sert du Maroc<\/h1>\n<h1 style=\"text-align: center;\">15 au 22 novembre 2025<\/h1>\n<p>[\/et_pb_text][et_pb_text _builder_version=\u00a0\u00bb4.27.3&Prime; _module_preset=\u00a0\u00bbdefault\u00a0\u00bb text_text_color=\u00a0\u00bb#EDF000&Prime; header_text_color=\u00a0\u00bb#EDF000&Prime; header_3_text_color=\u00a0\u00bb#EDF000&Prime; link_option_url=\u00a0\u00bbhttps:\/\/www.aoravoyages.com\/tour\/developpez-votre-intuition-dans-le-desert\/\u00a0\u00bb text_text_shadow_style=\u00a0\u00bbpreset4&Prime; header_text_shadow_style=\u00a0\u00bbpreset4&Prime; header_3_text_shadow_style=\u00a0\u00bbpreset3&Prime; global_colors_info=\u00a0\u00bb{}\u00a0\u00bb]<\/p>\n<h3 style=\"text-align: center;\"><i><span lang=\"FR-CA\">Avec lectures d\u2019\u00e2mes et enseignement de la Pleine Conscience Intuitive. Soin sur soi et avec l\u2019autre : aoravoyages.com<\/span><\/i><\/h3>\n<p>[\/et_pb_text][\/et_pb_column][et_pb_column type=\u00a0\u00bb2_5&Prime; _builder_version=\u00a0\u00bb4.27.3&Prime; _module_preset=\u00a0\u00bbdefault\u00a0\u00bb global_colors_info=\u00a0\u00bb{}\u00a0\u00bb][et_pb_image src=\u00a0\u00bbhttps:\/\/www.terre-cyme.ch\/wp-content\/uploads\/2024\/11\/Aora-Voyages.png\u00a0\u00bb title_text=\u00a0\u00bbAora Voyages\u00a0\u00bb url=\u00a0\u00bbhttps:\/\/www.aoravoyages.com\/tour\/developpez-votre-intuition-dans-le-desert\/\u00a0\u00bb _builder_version=\u00a0\u00bb4.27.3&Prime; _module_preset=\u00a0\u00bbdefault\u00a0\u00bb global_colors_info=\u00a0\u00bb{}\u00a0\u00bb][\/et_pb_image][\/et_pb_column][\/et_pb_row][\/et_pb_section][et_pb_section fb_built=\u00a0\u00bb1&Prime; prev_background_color=\u00a0\u00bb#ffffff\u00a0\u00bb next_background_color=\u00a0\u00bb#000000&Prime; _builder_version=\u00a0\u00bb4.27.4&Prime; _module_preset=\u00a0\u00bbdefault\u00a0\u00bb background_color=\u00a0\u00bb#8300E9&Prime; min_height=\u00a0\u00bb1049.3px\u00a0\u00bb custom_padding=\u00a0\u00bb122px||64px|||\u00a0\u00bb top_divider_style=\u00a0\u00bbclouds2&Prime; bottom_divider_style=\u00a0\u00bbclouds2&Prime; bottom_divider_flip=\u00a0\u00bbvertical\u00a0\u00bb hover_enabled=\u00a0\u00bb0&Prime; global_colors_info=\u00a0\u00bb{}\u00a0\u00bb display_conditions=\u00a0\u00bbW3siaWQiOiI0ZWUyYjVhMy0wNmE1LTQ0ZDEtYmE3MS0xOGU4OTE1OTEyYTEiLCJjb25kaXRpb24iOiJkYXRlVGltZSIsImNvbmRpdGlvblNldHRpbmdzIjp7ImRpc3BsYXlSdWxlIjoiaXNCZWZvcmUiLCJkYXRlIjoiMjAyNS0wNi0yOCIsInRpbWUiOiIwMDowMCIsIndlZWtkYXlzIjoifCIsImFsbERheSI6Im9uIiwiZnJvbVRpbWUiOiIwMDowMCIsInVudGlsVGltZSI6IjAwOjAwIiwicmVwZWF0Ijoib2ZmIiwicmVwZWF0RnJlcXVlbmN5IjoibW9udGhseSIsInJlcGVhdEZyZXF1ZW5jeVNwZWNpZmljRGF5cyI6IndlZWtseSIsInJlcGVhdEVuZCI6Im5ldmVyIiwicmVwZWF0VW50aWxEYXRlIjoiMjAyNS02LTI5IiwicmVwZWF0VGltZXMiOiIzIiwiYWRtaW5MYWJlbCI6IkRhdGUgZXQgaGV1cmUiLCJlbmFibGVDb25kaXRpb24iOiJvbiJ9LCJvcGVyYXRvciI6Ik9SIn1d\u00a0\u00bb sticky_enabled=\u00a0\u00bb0&Prime;][et_pb_row column_structure=\u00a0\u00bb1_4,3_4&Prime; _builder_version=\u00a0\u00bb4.27.4&Prime; _module_preset=\u00a0\u00bbdefault\u00a0\u00bb background_color=\u00a0\u00bbRGBA(255,255,255,0)\u00a0\u00bb display_conditions=\u00a0\u00bbW10=\u00a0\u00bb custom_margin=\u00a0\u00bb-44px|auto||auto||\u00a0\u00bb hover_enabled=\u00a0\u00bb0&Prime; global_colors_info=\u00a0\u00bb{}\u00a0\u00bb sticky_enabled=\u00a0\u00bb0&Prime;][et_pb_column type=\u00a0\u00bb1_4&Prime; _builder_version=\u00a0\u00bb4.20.4&Prime; _module_preset=\u00a0\u00bbdefault\u00a0\u00bb custom_padding=\u00a0\u00bb|0px||0px|false|false\u00a0\u00bb global_colors_info=\u00a0\u00bb{}\u00a0\u00bb][et_pb_image src=\u00a0\u00bbhttps:\/\/www.terre-cyme.ch\/wp-content\/uploads\/2023\/11\/formationvert.png\u00a0\u00bb title_text=\u00a0\u00bbformationvert\u00a0\u00bb align=\u00a0\u00bbcenter\u00a0\u00bb _builder_version=\u00a0\u00bb4.23.1&Prime; _module_preset=\u00a0\u00bbdefault\u00a0\u00bb min_height=\u00a0\u00bb306px\u00a0\u00bb height=\u00a0\u00bb404px\u00a0\u00bb custom_margin=\u00a0\u00bb||-140px|||\u00a0\u00bb global_colors_info=\u00a0\u00bb{}\u00a0\u00bb][\/et_pb_image][\/et_pb_column][et_pb_column type=\u00a0\u00bb3_4&Prime; _builder_version=\u00a0\u00bb4.20.4&Prime; _module_preset=\u00a0\u00bbdefault\u00a0\u00bb custom_padding=\u00a0\u00bb|0px||0px|false|false\u00a0\u00bb global_colors_info=\u00a0\u00bb{}\u00a0\u00bb][et_pb_blurb title=\u00a0\u00bbFormation \u00e0 Bulle\u00a0\u00bb content_max_width=\u00a0\u00bb795px\u00a0\u00bb _builder_version=\u00a0\u00bb4.20.4&Prime; _module_preset=\u00a0\u00bbdefault\u00a0\u00bb header_font=\u00a0\u00bbComic Neue||||||||\u00a0\u00bb header_text_color=\u00a0\u00bb#FFFFFF\u00a0\u00bb header_font_size=\u00a0\u00bb22px\u00a0\u00bb body_font=\u00a0\u00bbComic Neue||||||||\u00a0\u00bb body_text_align=\u00a0\u00bbright\u00a0\u00bb body_text_color=\u00a0\u00bb#FFFFFF\u00a0\u00bb body_link_text_color=\u00a0\u00bb#EDF000&Prime; background_enable_color=\u00a0\u00bboff\u00a0\u00bb text_orientation=\u00a0\u00bbright\u00a0\u00bb max_width=\u00a0\u00bb100%\u00a0\u00bb custom_margin=\u00a0\u00bb|0px||0px|false|false\u00a0\u00bb custom_padding=\u00a0\u00bb|0px||0px|false|false\u00a0\u00bb global_colors_info=\u00a0\u00bb{}\u00a0\u00bb]<\/p>\n<h2 style=\"text-align: center;\"><span lang=\"FR-CA\" style=\"font-size: 16.0pt; color: #98a7bd;\"><span style=\"color: #e09900;\"><strong>Week-end d\u2019enseignement : Lecture intuitive et soins de la Spirale \u00c9volutive des chakras<\/strong><\/span><br \/><\/span><strong><span lang=\"FR-CA\" style=\"font-size: 16.0pt; color: #98a7bd;\">6 septembre et 7 septembre 2025 \u00e0 Bulle<\/span><\/strong><\/h2>\n<h3><strong><br \/>Jour 1: Lecture intuitive, d\u00e9programmation et soins d\u2019un chakras\u00a0<\/strong><\/h3>\n<p><span>D\u00e9couvrez les 3 techniques de soins \u00e9nerg\u00e9tiques pour soigner chacun des chakras sur vous-m\u00eames et votre entourage. Vous apprendrez \u00e0 les combiner avec la lecture intuitive et la d\u00e9programmation. En promotion, vous disposerez du jeu de carte de la Spirale \u00c9volutive dans le but de vous apporter un support pour effectuer cette pratique.<\/span><\/p>\n<h3><strong>Jour 2: Lecture intuitive, d\u00e9programmation et soins de la Spirale \u00c9volutive des chakras<\/strong><\/h3>\n<p><span>D\u00e9couvrez les deux techniques de soins \u00e9nerg\u00e9tiques qui vous permettront de comprendre les interactions \u00e9nerg\u00e9tiques entre les chakras et de les \u00e9quilibrer. Vous apprendrez \u00e0 combiner la lecture intuitive et la d\u00e9programmation pour favoriser l\u2019\u00e9quilibre de l\u2019ensemble de la structure \u00e9nerg\u00e9tique. Il vous sera \u00e9galement d\u2019identifier la dynamique psycho-\u00e9motionnelle et de la soigner sur vous et une autre personne. L\u2019utilisation du jeu de carte vous permettra d\u2019approfondir votre compr\u00e9hension en vous laissant inspirer par les cartes intuitives pour \u00e9valuer la dimension \u00e9nerg\u00e9tique mais aussi psycho-\u00e9motionnelle des chakras.<\/span><\/p>\n<p><span>Les deux journ\u00e9es sont compl\u00e9mentaires mais elles peuvent \u00eatre prises s\u00e9par\u00e9ment.<\/span><\/p>\n<p><span>1 journ\u00e9e\u00a0: 200 CHF ou 2 journ\u00e9es 350 CHF et le jeu de carte est offert. En bonus, une formation de base sur la Spirale \u00c9volutive, un enseignement en ligne sur le jeu de carte et 3 webinaires + acc\u00e8s \u00e0 la communaut\u00e9 de l\u2019\u00e9cole en ligne. Disponible en tout temps, l\u2019enseignement en ligne sur la lecture intuitive, d\u00e9programmation et soin de la Spirale \u00c9volutive des chakras avec bonus.<\/span><\/p>\n<p style=\"text-align: right;\">Si besoin et pour de plus amples informations, veuillez consulter le<a href=\"https:\/\/sylvainbelanger.com\"> site internet de Sylvain B\u00e9langer<\/a>..<\/p>\n<p style=\"text-align: right;\"><strong><\/strong>Tous ensemble, nous pouvons cr\u00e9er un monde meilleur!<br \/>Sylvain<\/p>\n<p style=\"text-align: right;\"><strong><\/strong><\/p>\n<p>[\/et_pb_blurb][et_pb_button button_url=\u00a0\u00bbhttps:\/\/www.terre-cyme.ch\/?page_id=1678&Prime; button_text=\u00a0\u00bbInscription\u00a0\u00bb button_alignment=\u00a0\u00bbright\u00a0\u00bb _builder_version=\u00a0\u00bb4.23.1&Prime; _module_preset=\u00a0\u00bbdefault\u00a0\u00bb custom_button=\u00a0\u00bbon\u00a0\u00bb button_border_width=\u00a0\u00bb5px\u00a0\u00bb button_border_radius=\u00a0\u00bb15px\u00a0\u00bb button_icon=\u00a0\u00bb&#x41;||divi||400&Prime; button_on_hover=\u00a0\u00bboff\u00a0\u00bb background_layout=\u00a0\u00bbdark\u00a0\u00bb animation_style=\u00a0\u00bbbounce\u00a0\u00bb box_shadow_style=\u00a0\u00bbpreset2&Prime; global_colors_info=\u00a0\u00bb{}\u00a0\u00bb][\/et_pb_button][\/et_pb_column][\/et_pb_row][\/et_pb_section][et_pb_section fb_built=\u00a0\u00bb1&Prime; prev_background_color=\u00a0\u00bb#000000&Prime; next_background_color=\u00a0\u00bb#ffffff\u00a0\u00bb _builder_version=\u00a0\u00bb4.27.4&Prime; _module_preset=\u00a0\u00bbdefault\u00a0\u00bb background_color=\u00a0\u00bb#8300E9&Prime; min_height=\u00a0\u00bb251.3px\u00a0\u00bb custom_padding=\u00a0\u00bb122px||144px|||\u00a0\u00bb top_divider_style=\u00a0\u00bbclouds2&Prime; bottom_divider_style=\u00a0\u00bbclouds2&Prime; bottom_divider_flip=\u00a0\u00bbvertical\u00a0\u00bb hover_enabled=\u00a0\u00bb0&Prime; global_colors_info=\u00a0\u00bb{}\u00a0\u00bb display_conditions=\u00a0\u00bbW3siaWQiOiI1NWEzMzIyMC1jMGNkLTRkZTktYjNiMy1iNDAwYzY3MWFlOWQiLCJjb25kaXRpb24iOiJkYXRlVGltZSIsImNvbmRpdGlvblNldHRpbmdzIjp7ImRpc3BsYXlSdWxlIjoiaXNCZWZvcmUiLCJkYXRlIjoiMjAyNS0wNi0yOCIsInRpbWUiOiIwMDowMCIsIndlZWtkYXlzIjoifCIsImFsbERheSI6Im9uIiwiZnJvbVRpbWUiOiIwMDowMCIsInVudGlsVGltZSI6IjAwOjAwIiwicmVwZWF0Ijoib2ZmIiwicmVwZWF0RnJlcXVlbmN5IjoibW9udGhseSIsInJlcGVhdEZyZXF1ZW5jeVNwZWNpZmljRGF5cyI6IndlZWtseSIsInJlcGVhdEVuZCI6Im5ldmVyIiwicmVwZWF0VW50aWxEYXRlIjoiMjAyNS02LTI5IiwicmVwZWF0VGltZXMiOiIzIiwiYWRtaW5MYWJlbCI6IkRhdGUgZXQgaGV1cmUiLCJlbmFibGVDb25kaXRpb24iOiJvbiJ9LCJvcGVyYXRvciI6Ik9SIn1d\u00a0\u00bb sticky_enabled=\u00a0\u00bb0&Prime;][et_pb_row column_structure=\u00a0\u00bb1_4,3_4&Prime; _builder_version=\u00a0\u00bb4.27.4&Prime; _module_preset=\u00a0\u00bbdefault\u00a0\u00bb background_color=\u00a0\u00bbRGBA(255,255,255,0)\u00a0\u00bb display_conditions=\u00a0\u00bbW10=\u00a0\u00bb custom_margin=\u00a0\u00bb-44px|auto||auto||\u00a0\u00bb hover_enabled=\u00a0\u00bb0&Prime; global_colors_info=\u00a0\u00bb{}\u00a0\u00bb sticky_enabled=\u00a0\u00bb0&Prime;][et_pb_column type=\u00a0\u00bb1_4&Prime; _builder_version=\u00a0\u00bb4.20.4&Prime; _module_preset=\u00a0\u00bbdefault\u00a0\u00bb custom_padding=\u00a0\u00bb|0px||0px|false|false\u00a0\u00bb global_colors_info=\u00a0\u00bb{}\u00a0\u00bb][et_pb_image title_text=\u00a0\u00bbformationvert\u00a0\u00bb align=\u00a0\u00bbcenter\u00a0\u00bb _builder_version=\u00a0\u00bb4.27.3&Prime; _module_preset=\u00a0\u00bbdefault\u00a0\u00bb min_height=\u00a0\u00bb306px\u00a0\u00bb height=\u00a0\u00bb404px\u00a0\u00bb custom_margin=\u00a0\u00bb||-140px|||\u00a0\u00bb global_colors_info=\u00a0\u00bb{}\u00a0\u00bb][\/et_pb_image][\/et_pb_column][et_pb_column type=\u00a0\u00bb3_4&Prime; _builder_version=\u00a0\u00bb4.20.4&Prime; _module_preset=\u00a0\u00bbdefault\u00a0\u00bb custom_padding=\u00a0\u00bb|0px||0px|false|false\u00a0\u00bb global_colors_info=\u00a0\u00bb{}\u00a0\u00bb][et_pb_blurb title=\u00a0\u00bbAtelier d\u00e9couverte\u00a0\u00bb content_max_width=\u00a0\u00bb795px\u00a0\u00bb _builder_version=\u00a0\u00bb4.27.3&Prime; _module_preset=\u00a0\u00bbdefault\u00a0\u00bb header_font=\u00a0\u00bbComic Neue||||||||\u00a0\u00bb header_text_color=\u00a0\u00bb#FFFFFF\u00a0\u00bb header_font_size=\u00a0\u00bb22px\u00a0\u00bb body_font=\u00a0\u00bbComic Neue||||||||\u00a0\u00bb body_text_align=\u00a0\u00bbright\u00a0\u00bb body_text_color=\u00a0\u00bb#FFFFFF\u00a0\u00bb body_link_text_color=\u00a0\u00bb#EDF000&Prime; background_enable_color=\u00a0\u00bboff\u00a0\u00bb text_orientation=\u00a0\u00bbright\u00a0\u00bb max_width=\u00a0\u00bb100%\u00a0\u00bb custom_margin=\u00a0\u00bb|0px||0px|false|false\u00a0\u00bb custom_padding=\u00a0\u00bb|0px||0px|false|false\u00a0\u00bb global_colors_info=\u00a0\u00bb{}\u00a0\u00bb]<\/p>\n<h2 style=\"text-align: center;\"><span lang=\"FR-CA\" style=\"font-size: 16.0pt; color: #98a7bd;\"><span style=\"color: #e09900;\"><strong>Atelier d\u00e9couverte du jeu de cartes de la Spirale \u00c9volutive<\/strong><\/span><br \/><\/span><strong><span lang=\"FR-CA\" style=\"font-size: 16.0pt; color: #98a7bd;\">Vendredi 22 novembre 2024, 19h30 \u00e0 Bulle<\/span><\/strong><\/h2>\n<p>D\u00e9couvrez les 7 familles d\u2019\u00e2mes, les 8 conditions \u00e9nerg\u00e9tiques et les 56 principaux \u00e9tats de conscience, pr\u00e9sentation des tirages avec d\u00e9monstrations. Participation financi\u00e8re volontaire.<\/p>\n<p>[\/et_pb_blurb][et_pb_button button_url=\u00a0\u00bbhttps:\/\/www.terre-cyme.ch\/?page_id=1678&Prime; button_text=\u00a0\u00bbInscription\u00a0\u00bb button_alignment=\u00a0\u00bbright\u00a0\u00bb _builder_version=\u00a0\u00bb4.23.1&Prime; _module_preset=\u00a0\u00bbdefault\u00a0\u00bb custom_button=\u00a0\u00bbon\u00a0\u00bb button_border_width=\u00a0\u00bb5px\u00a0\u00bb button_border_radius=\u00a0\u00bb15px\u00a0\u00bb button_icon=\u00a0\u00bb&#x41;||divi||400&Prime; button_on_hover=\u00a0\u00bboff\u00a0\u00bb background_layout=\u00a0\u00bbdark\u00a0\u00bb animation_style=\u00a0\u00bbbounce\u00a0\u00bb box_shadow_style=\u00a0\u00bbpreset2&Prime; global_colors_info=\u00a0\u00bb{}\u00a0\u00bb][\/et_pb_button][\/et_pb_column][\/et_pb_row][\/et_pb_section][et_pb_section fb_built=\u00a0\u00bb1&Prime; _builder_version=\u00a0\u00bb4.20.4&Prime; _module_preset=\u00a0\u00bbdefault\u00a0\u00bb global_colors_info=\u00a0\u00bb{}\u00a0\u00bb][et_pb_row _builder_version=\u00a0\u00bb4.20.4&Prime; _module_preset=\u00a0\u00bbdefault\u00a0\u00bb global_colors_info=\u00a0\u00bb{}\u00a0\u00bb][et_pb_column type=\u00a0\u00bb4_4&Prime; _builder_version=\u00a0\u00bb4.20.4&Prime; _module_preset=\u00a0\u00bbdefault\u00a0\u00bb global_colors_info=\u00a0\u00bb{}\u00a0\u00bb][et_pb_blurb url=\u00a0\u00bb#return-to-top\u00a0\u00bb use_icon=\u00a0\u00bbon\u00a0\u00bb font_icon=\u00a0\u00bb&#x3e;||divi||400&Prime; image_icon_width=\u00a0\u00bb55px\u00a0\u00bb icon_alignment=\u00a0\u00bbright\u00a0\u00bb _builder_version=\u00a0\u00bb4.20.4&Prime; _module_preset=\u00a0\u00bbdefault\u00a0\u00bb positioning=\u00a0\u00bbfixed\u00a0\u00bb position_origin_f=\u00a0\u00bbbottom_right\u00a0\u00bb vertical_offset=\u00a0\u00bb20px\u00a0\u00bb horizontal_offset=\u00a0\u00bb20px\u00a0\u00bb z_index=\u00a0\u00bb500&Prime; link_option_url=\u00a0\u00bb#return-to-top\u00a0\u00bb global_colors_info=\u00a0\u00bb{}\u00a0\u00bb][\/et_pb_blurb][\/et_pb_column][\/et_pb_row][\/et_pb_section]<\/p>\n","protected":false},"excerpt":{"rendered":"<p>Sylvain B\u00e9langerSylvain B\u00e9langer est un ma\u00eetre de l\u2019intuition car il peut \u00e9valuer la sant\u00e9 \u00e9nerg\u00e9tique, int\u00e9rieure et transpersonnelle d\u2019un individu en observant son champ \u00e9nerg\u00e9tique ou son aura. Sa ma\u00eetrise de l\u2019intuition lui a permis d\u2019acqu\u00e9rir une compr\u00e9hension profonde des processus de gu\u00e9rison. C\u2019est ainsi qu\u2019il a d\u00e9velopp\u00e9 une s\u00e9rie de techniques de soin afin [&hellip;]<\/p>\n","protected":false},"author":1,"featured_media":0,"parent":0,"menu_order":0,"comment_status":"closed","ping_status":"closed","template":"","meta":{"_et_pb_use_builder":"on","_et_pb_old_content":"","_et_gb_content_width":"","footnotes":""},"class_list":["post-2248","page","type-page","status-publish","hentry"],"_links":{"self":[{"href":"https:\/\/www.terre-cyme.ch\/index.php?rest_route=\/wp\/v2\/pages\/2248","targetHints":{"allow":["GET"]}}],"collection":[{"href":"https:\/\/www.terre-cyme.ch\/index.php?rest_route=\/wp\/v2\/pages"}],"about":[{"href":"https:\/\/www.terre-cyme.ch\/index.php?rest_route=\/wp\/v2\/types\/page"}],"author":[{"embeddable":true,"href":"https:\/\/www.terre-cyme.ch\/index.php?rest_route=\/wp\/v2\/users\/1"}],"replies":[{"embeddable":true,"href":"https:\/\/www.terre-cyme.ch\/index.php?rest_route=%2Fwp%2Fv2%2Fcomments&post=2248"}],"version-history":[{"count":19,"href":"https:\/\/www.terre-cyme.ch\/index.php?rest_route=\/wp\/v2\/pages\/2248\/revisions"}],"predecessor-version":[{"id":2357,"href":"https:\/\/www.terre-cyme.ch\/index.php?rest_route=\/wp\/v2\/pages\/2248\/revisions\/2357"}],"wp:attachment":[{"href":"https:\/\/www.terre-cyme.ch\/index.php?rest_route=%2Fwp%2Fv2%2Fmedia&parent=2248"}],"curies":[{"name":"wp","href":"https:\/\/api.w.org\/{rel}","templated":true}]}}